{"id":25613,"date":"2024-08-12T15:40:02","date_gmt":"2024-08-12T15:40:02","guid":{"rendered":"https:\/\/www.grupefebe.com\/?page_id=25613"},"modified":"2024-11-04T12:33:23","modified_gmt":"2024-11-04T12:33:23","slug":"avis-legal","status":"publish","type":"page","link":"https:\/\/www.grupefebe.com\/pt-pt\/avis-legal\/","title":{"rendered":"Nota Legal"},"content":{"rendered":"<p>Em cumprimento do dever de informa\u00e7\u00e3o constante do artigo 10 da Lei 34\/2002, de 11 de julho, de Servi\u00e7os da Sociedade da Informa\u00e7\u00e3o e Com\u00e9rcio Eletr\u00f3nico, informamos que o Site e o portal da Internet https:\/\/www.grupefebe.com\/ ( doravante, o \u201cSite\u201d) \u00e9 propriedade do GRUP DE PROMOCI\u00d3 I DISSENY EFEB\u00c9, S.L.U., com sede em C\/ Villar, 74, LC, 2b com n\u00famero CIF B61575825. O presente aviso legal regula as condi\u00e7\u00f5es de utiliza\u00e7\u00e3o do referido portal de Internet.<\/p>\n<p>Este aviso legal regula a utiliza\u00e7\u00e3o do dom\u00ednio com o seu nome atual https:\/\/www.grupefebe.com\/ ou com qualquer outro nome que possa surgir no futuro, bem como as responsabilidades derivadas da autoriza\u00e7\u00e3o do pr\u00f3prio GRUP DE. A PROMOCI\u00d3 I DISSENY EFEB\u00c9 respeita sua privacidade e se esfor\u00e7a para oferecer a voc\u00ea uma experi\u00eancia de cliente segura.<\/p>\n<p>&nbsp;<\/p>\n<p><strong>Usu\u00e1rios<\/strong><\/p>\n<p>Entende-se por \u201cUsu\u00e1rio\u201d a pessoa f\u00edsica ou jur\u00eddica que acessa, navega, utiliza ou participa dos servi\u00e7os e atividades, gratuitas ou onerosas, desenvolvidas atrav\u00e9s deste Site.<\/p>\n<p>&nbsp;<\/p>\n<p>&nbsp;<\/p>\n<p><strong>Lei e jurisdi\u00e7\u00e3o aplic\u00e1veis<\/strong><\/p>\n<p>Em geral, as rela\u00e7\u00f5es entre o GRUPO DE PROMOCI\u00d3 I DISSENY EFEB\u00c9 e os utilizadores dos seus servi\u00e7os telem\u00e1ticos, presentes no site, est\u00e3o sujeitas \u00e0 legisla\u00e7\u00e3o e jurisdi\u00e7\u00e3o espanhola.<\/p>\n<p>As partes renunciam expressamente a qualquer jurisdi\u00e7\u00e3o que lhes possa ser aplic\u00e1vel e submetem-se expressamente aos Tribunais e Tribunais de Barcelona para resolver qualquer controv\u00e9rsia que possa surgir na interpreta\u00e7\u00e3o ou execu\u00e7\u00e3o destas condi\u00e7\u00f5es contratuais.<\/p>\n<p>&nbsp;<\/p>\n<p><strong>Aceita\u00e7\u00e3o do usu\u00e1rio<\/strong><\/p>\n<p>O presente Aviso Legal regula o acesso e utiliza\u00e7\u00e3o do site que o GRUPO DE PROMOCI\u00d3 I DISSENY EFEB\u00c9 disponibiliza aos internautas. \u00c9 considerado usu\u00e1rio quem acessa, navega, utiliza ou participa dos servi\u00e7os e atividades do site.<\/p>\n<p>O usu\u00e1rio fica informado, e aceita, que o acesso a este site n\u00e3o implica, de forma alguma, o in\u00edcio de uma rela\u00e7\u00e3o comercial com o GRUP DE PROMOCI\u00d3 I DISSENY EFEB\u00c9.<\/p>\n<p>O acesso e navega\u00e7\u00e3o no site por parte do utilizador implica a aceita\u00e7\u00e3o da totalidade destas Condi\u00e7\u00f5es de Utiliza\u00e7\u00e3o. Em caso de desacordo com as condi\u00e7\u00f5es, dever\u00e1 abster-se de utilizar o site.<\/p>\n<p>&nbsp;<\/p>\n<p><strong>Acesso \u00e0 Web<\/strong><\/p>\n<p>O acesso ao site pelos usu\u00e1rios \u00e9 gratuito. Alguns servi\u00e7os poder\u00e3o estar sujeitos a contrata\u00e7\u00e3o pr\u00e9via do servi\u00e7o.<\/p>\n<p>Caso seja necess\u00e1rio que o utilizador forne\u00e7a dados pessoais para aceder a algum dos servi\u00e7os, a recolha e tratamento dos dados ser\u00e1 efectuada de acordo com a regulamenta\u00e7\u00e3o em vigor, nomeadamente o RGPD. Para mais informa\u00e7\u00f5es, consulte a nossa pol\u00edtica de privacidade https:\/\/www.grupefebe.com\/.<\/p>\n<p>&nbsp;<\/p>\n<p><strong>Conte\u00fado e uso<\/strong><\/p>\n<p>Pedimos-lhe que leia atentamente o Aviso Legal, a nossa Pol\u00edtica de Cookies e a nossa Pol\u00edtica de Privacidade antes de utilizar este website. Ao acess\u00e1-lo e utiliz\u00e1-lo, voc\u00ea concorda em ficar vinculado aos textos citados. Caso tenha alguma d\u00favida relacionada ao acima exposto, voc\u00ea pode entrar em contato com o GRUP DE PROMOCI\u00d3 I DISSENY EFEB\u00c9 atrav\u00e9s dos meios de contato disponibilizados neste texto.<\/p>\n<p>A visita ao site por parte do usu\u00e1rio deve ser feita de forma respons\u00e1vel e de acordo com a legisla\u00e7\u00e3o vigente, de boa f\u00e9, deste Aviso Legal e respeitando os direitos de propriedade intelectual e industrial pertencentes ao GRUPO DE PROMOCI\u00d3 I DISSENY EFEB\u00c9 ou a quaisquer outras pessoas f\u00edsicas ou jur\u00eddicas.<\/p>\n<p>O usu\u00e1rio concorda em fornecer ao GRUP DE PROMOCI\u00d3 I DISSENY EFEB\u00c9. suas informa\u00e7\u00f5es de contato de forma verdadeira e precisa (e-mail e outras informa\u00e7\u00f5es de contato necess\u00e1rias), bem como n\u00e3o fornecer informa\u00e7\u00f5es ou documenta\u00e7\u00e3o falsa, fraudulenta ou il\u00edcita.<\/p>\n<p>\u00c9 totalmente proibida a utiliza\u00e7\u00e3o de qualquer conte\u00fado do site para fins que sejam ou possam ser il\u00edcitos, bem como a realiza\u00e7\u00e3o de qualquer a\u00e7\u00e3o que cause ou possa causar danos ou altera\u00e7\u00f5es de qualquer esp\u00e9cie n\u00e3o consentidas pelo GRUP DE PROMOCI\u00d3 I DISSENY EFEB\u00c9 , ao site ou ao seu conte\u00fado.<\/p>\n<p>Qualquer viola\u00e7\u00e3o das cl\u00e1usulas contidas neste Site (Aviso Legal, Pol\u00edtica de Privacidade, Pol\u00edtica de Cookies, bem como outros conte\u00fados que contenham obriga\u00e7\u00f5es para o usu\u00e1rio), bem como qualquer viola\u00e7\u00e3o da lei em vigor na Espanha, ser\u00e1 comunicada em um imediatamente \u00e0s autoridades competentes, por. GRUP DE PROMOCI\u00d3 I DISSENY EFEB\u00c9, comprometendo-se a cooperar com eles.<\/p>\n<p>Ningu\u00e9m deve fazer uso indevido deste site, introduzindo intencionalmente programas ou materiais tecnol\u00f3gicos que sejam prejudiciais ou prejudiciais ao mesmo (por exemplo, v\u00edrus ou cavalos de Tr\u00f3ia). N\u00e3o \u00e9 permitido o acesso n\u00e3o autorizado ao servidor onde est\u00e3o alojadas ou relacionadas informa\u00e7\u00f5es sobre o site. Da mesma forma, \u00e9 totalmente proibido realizar ataques de nega\u00e7\u00e3o.<\/p>\n<p>&nbsp;<\/p>\n<p><strong>Prote\u00e7\u00e3o de dados pessoais<\/strong><\/p>\n<p>As informa\u00e7\u00f5es ou dados pessoais fornecidos atrav\u00e9s deste site ser\u00e3o tratados de acordo com o disposto na Pol\u00edtica de Privacidade, bem como de acordo com a legisla\u00e7\u00e3o vigente sobre a mesma.<\/p>\n<p>Os dados pessoais fornecidos pelo usu\u00e1rio atrav\u00e9s deste site far\u00e3o parte dos arquivos e registros de atividades do titular do mesmo e ser\u00e3o tratados de acordo com o disposto na Pol\u00edtica de Privacidade para os fins indicados em cada caso. Tais informa\u00e7\u00f5es ser\u00e3o confidenciais e secretas, n\u00e3o podendo ser reveladas a terceiros externos, sem causa legalmente justificada ou autoriza\u00e7\u00e3o expressa do usu\u00e1rio em quest\u00e3o.<\/p>\n<p>O utilizador tem o direito de acesso, oposi\u00e7\u00e3o, retifica\u00e7\u00e3o, cancelamento, revoga\u00e7\u00e3o, limita\u00e7\u00e3o e portabilidade dos seus dados pessoais atrav\u00e9s do endere\u00e7o de correio eletr\u00f3nico;<\/p>\n<p>Para mais informa\u00e7\u00f5es voc\u00ea pode consultar nossa\u00a0<a href=\"https:\/\/www.sfabogados.com\/politica-de-privacidad\">Pol\u00edtica de privacidade.<\/a><\/p>\n<p>&nbsp;<\/p>\n<p><strong>Propriedade intelectual e industrial<\/strong><\/p>\n<p>Os direitos de propriedade intelectual do conte\u00fado das p\u00e1ginas web, seu design gr\u00e1fico e c\u00f3digos s\u00e3o propriedade do GRUP DE PROMOCI\u00d3 I DISSENY EFEB\u00c9 e, portanto, a sua reprodu\u00e7\u00e3o, distribui\u00e7\u00e3o, comunica\u00e7\u00e3o p\u00fablica, transforma\u00e7\u00e3o ou qualquer outra atividade realizada com o conte\u00fado do website, nem mesmo se as fontes forem citadas, a menos que haja consentimento pr\u00e9vio, expresso e por escrito do GRUPO DE PROMOCI\u00d3 I DISSENY EFEB\u00c9. Todos os nomes comerciais, marcas ou sinais distintivos de qualquer esp\u00e9cie contidos nos websites da empresa s\u00e3o propriedade dos seus titulares e est\u00e3o protegidos por lei.<\/p>\n<p>O GRUPO DE PROMOCI\u00d3 I DISSENY EFEB\u00c9 n\u00e3o concede nenhuma licen\u00e7a ou autoriza\u00e7\u00e3o de uso de qualquer esp\u00e9cie sobre seus direitos de propriedade intelectual e industrial ou qualquer outra propriedade ou direito relacionado ao site, e em nenhum caso se entender\u00e1 que o acesso e navega\u00e7\u00e3o dos usu\u00e1rios implica a ren\u00fancia, transmiss\u00e3o, licen\u00e7a ou cess\u00e3o total ou parcial dos referidos direitos por parte do GRUPO DE PROMOCI\u00d3 I DISSENY EFEB\u00c9.<\/p>\n<p>Qualquer utiliza\u00e7\u00e3o destes conte\u00fados n\u00e3o previamente autorizada pelo GRUPO DE PROMOCI\u00d3 I DISSENY EFEB\u00c9 ser\u00e1 considerada uma viola\u00e7\u00e3o grave dos direitos de propriedade intelectual ou industrial e dar\u00e1 origem \u00e0s responsabilidades legalmente estabelecidas. O GRUPO DE PROMOCI\u00d3 I DISSENY EFEB\u00c9 reserva-se o direito de exercer as a\u00e7\u00f5es judiciais e extrajudiciais correspondentes contra o usu\u00e1rio.<\/p>\n<p>&nbsp;<\/p>\n<p><strong>Responsabilidade e garantias<\/strong><\/p>\n<p>O GRUPO DE PROMOCI\u00d3 I DISSENY EFEB\u00c9 declara que adotou as medidas necess\u00e1rias que, dentro das suas possibilidades e do estado da tecnologia, permitem o correto funcionamento do seu site bem como a aus\u00eancia de v\u00edrus e componentes nocivos. No entanto, o GRUPO DE PROMOCI\u00d3 I DISSENY EFEB\u00c9 n\u00e3o pode ser responsabilizado pelas seguintes situa\u00e7\u00f5es que s\u00e3o elencadas a t\u00edtulo de exemplo, mas n\u00e3o limitadas a:<\/p>\n<ul>\n<li style=\"list-style-type: none;\">\n<ul>\n<li>A continuidade e disponibilidade dos Conte\u00fados.<\/li>\n<li>A aus\u00eancia de erros nos referidos Conte\u00fados nem a corre\u00e7\u00e3o de qualquer defeito que possa ocorrer.<\/li>\n<li>A aus\u00eancia de v\u00edrus e\/ou outros componentes prejudiciais.<\/li>\n<li>Os danos ou preju\u00edzos causados por qualquer pessoa que viole os sistemas de seguran\u00e7a do GRUPO DE PROMOCI\u00d3 I DISSENY EFEB\u00c9.<\/li>\n<li>O uso que os usu\u00e1rios podem fazer dos conte\u00fados inclu\u00eddos no site. Consequentemente, o GRUPO DE PROMOCI\u00d3 I DISSENY EFEB\u00c9 n\u00e3o garante que a utiliza\u00e7\u00e3o que os utilizadores possam fazer dos conte\u00fados inclu\u00eddos no site, se for o caso, cumpra o presente aviso legal, nem que a utiliza\u00e7\u00e3o do site seja realizada de forma diligente. .<\/li>\n<li>A utiliza\u00e7\u00e3o do site por menores ou o envio dos seus dados pessoais sem a autoriza\u00e7\u00e3o dos seus tutores, sendo os tutores respons\u00e1veis pela sua utiliza\u00e7\u00e3o da Internet.<\/li>\n<\/ul>\n<\/li>\n<\/ul>\n<p>O conte\u00fado que o usu\u00e1rio pode acessar atrav\u00e9s de links n\u00e3o autorizados ou introduzidos pelos usu\u00e1rios atrav\u00e9s de coment\u00e1rios ou ferramentas semelhantes.<\/p>\n<ul>\n<li>A introdu\u00e7\u00e3o de dados errados pelo usu\u00e1rio ou por terceiros.<\/li>\n<\/ul>\n<p>O GRUPO DE PROMOCI\u00d3 I DISSENY EFEB\u00c9 poder\u00e1 suspender temporariamente, sem aviso pr\u00e9vio, a acessibilidade ao site para opera\u00e7\u00f5es de manuten\u00e7\u00e3o, repara\u00e7\u00e3o, atualiza\u00e7\u00e3o ou melhoria. No entanto, sempre que as circunst\u00e2ncias o permitam, o GRUPO DE PROMOCI\u00d3 I DISSENY EFEB\u00c9 informar\u00e1 o utilizador, com anteced\u00eancia suficiente, da data prevista para a suspens\u00e3o do conte\u00fado.<\/p>\n<p>Da mesma forma, de acordo com os arts. 11 e 16 da Lei 34\/2002, de 11 de julho, sobre servi\u00e7os da sociedade da informa\u00e7\u00e3o e com\u00e9rcio eletr\u00f3nico (LSSICE), o GRUPO DE PROMOCI\u00d3 I DISSENY EFEB\u00c9 compromete-se a eliminar ou, se for caso disso, bloquear conte\u00fados que possam afetar ou ser contr\u00e1rios \u00e0 legisla\u00e7\u00e3o em vigor, os direitos de terceiros ou a moral e a ordem p\u00fablica.<\/p>\n<p><strong>Qualidade da p\u00e1gina<\/strong><\/p>\n<p>GRUPO DE PROMO\u00c7\u00c3O I DESIGN EFEB\u00c9. Utiliza todos os seus meios para garantir que o conte\u00fado e a informa\u00e7\u00e3o disponibilizada atrav\u00e9s deste site cumprem os padr\u00f5es de qualidade, veracidade, exatid\u00e3o, fiabilidade, utilidade e atualidade. No entanto, devido \u00e0 din\u00e2mica constante a que est\u00e1 sujeita a informa\u00e7\u00e3o contida, o cumprimento integral das referidas normas n\u00e3o \u00e9 garantido em todos os momentos, embora sejam envidados os melhores esfor\u00e7os para o fazer e, se necess\u00e1rio, procederemos \u00e0 devida corre\u00e7\u00e3o e \/ou atualize o mais r\u00e1pido poss\u00edvel.<\/p>\n<p>Da mesma forma, o mero acesso \u00e0 informa\u00e7\u00e3o contida neste site n\u00e3o vincula de forma alguma o utilizador e, portanto, n\u00e3o gera qualquer compromisso contratual. O acesso a essas informa\u00e7\u00f5es \u00e9 apenas para fins informativos, consultivos e\/ou publicit\u00e1rios.<\/p>\n<p>&nbsp;<\/p>\n<p><strong>Biscoitos<\/strong><\/p>\n<p>O GRUPO DE PROMOCI\u00d3 I DISSENY EFEB\u00c9 utiliza cookies para otimizar e personalizar a sua navega\u00e7\u00e3o pelo site. Cookies s\u00e3o arquivos f\u00edsicos de informa\u00e7\u00e3o que ficam hospedados no pr\u00f3prio terminal do usu\u00e1rio. A informa\u00e7\u00e3o recolhida atrav\u00e9s dos cookies serve para facilitar a navega\u00e7\u00e3o do utilizador pelo portal e otimizar a experi\u00eancia de navega\u00e7\u00e3o. Os dados recolhidos atrav\u00e9s dos cookies podem ser partilhados com os seus criadores, mas em nenhum caso a informa\u00e7\u00e3o por eles obtida ser\u00e1 associada a dados pessoais ou que possam identificar o utilizador.<\/p>\n<p>No entanto, caso o utilizador n\u00e3o pretenda que sejam instalados cookies no seu disco r\u00edgido, tem a op\u00e7\u00e3o de configurar o navegador de forma a impedir a instala\u00e7\u00e3o destes ficheiros. Para mais informa\u00e7\u00f5es consulte a nossa Pol\u00edtica de Cookies https:\/\/www.grupefebe.com\/politica-de-cookies.<\/p>\n<p>&nbsp;<\/p>\n<p><strong>Links<\/strong><\/p>\n<p>A presen\u00e7a de links no site do GRUPO DE PROMOCI\u00d3 I DISSENY EFEB\u00c9 para outros sites da Internet tem car\u00e1ter meramente informativo e em nenhum caso implica sugest\u00e3o, convite ou recomenda\u00e7\u00e3o a respeito dos mesmos. O GRUPO DE PROMOCI\u00d3 I DISSENY EFEB\u00c9 n\u00e3o assumir\u00e1 responsabilidade pelo conte\u00fado de um link pertencente a um site de terceiros, nem garantir\u00e1 sua confiabilidade, exatid\u00e3o, amplitude, veracidade, validade e disponibilidade t\u00e9cnica.<\/p>\n<p>Caso sejam estabelecidos links em outros sites para o site do GRUP DE PROMOCI\u00d3 I DISSENY EFEB\u00c9, n\u00e3o se entender\u00e1 que o GRUP DE PROMOCI\u00d3 I DISSENY EFEB\u00c9 autorizou o link ou o conte\u00fado do site no qual o site est\u00e1 contido. link, conte\u00fado impr\u00f3prio, difamat\u00f3rio, ilegal, obsceno ou il\u00edcito, nem outro conte\u00fado que contrarie a legisla\u00e7\u00e3o vigente, n\u00e3o poder\u00e3o ser inclu\u00eddos na p\u00e1gina do link.<\/p>\n<p>O GRUPO DE PROMOCI\u00d3 I DISSENY EFEB\u00c9 reserva-se o direito de contactar o propriet\u00e1rio do site onde se estabelece o link se considerar que os regulamentos est\u00e3o sendo violados, bem como de tomar as medidas judiciais e extrajudiciais correspondentes.<\/p>\n<p>&nbsp;<\/p>\n<p><strong>Modifica\u00e7\u00e3o de condi\u00e7\u00f5es<\/strong><\/p>\n<p>O GRUPO DE PROMOCI\u00d3 I DISSENY EFEB\u00c9 reserva-se expressamente o direito de modificar unilateralmente, total ou parcialmente, sem aviso pr\u00e9vio, este Aviso Legal, produzindo efeitos a partir do momento da sua publica\u00e7\u00e3o. E o usu\u00e1rio reconhece e aceita que \u00e9 sua responsabilidade revisar periodicamente este Aviso Legal.<\/p>\n<p>O Site \u00e9 de natureza indefinida no que diz respeito \u00e0 visualiza\u00e7\u00e3o na Internet. No entanto, em rela\u00e7\u00e3o ao seu conte\u00fado, a empresa reserva-se o direito de fazer as modifica\u00e7\u00f5es que considerar oportunas sem aviso pr\u00e9vio, podendo alterar, eliminar ou adicionar tanto os conte\u00fados e servi\u00e7os prestados atrav\u00e9s dele, bem como a forma como aparecem apresentados ou localizados. .<\/p>\n<p>&nbsp;<\/p>\n","protected":false},"excerpt":{"rendered":"<p>Em cumprimento do dever de informa\u00e7\u00e3o constante do artigo 10 da Lei 34\/2002, de 11 de julho, de Servi\u00e7os da [&hellip;]<\/p>\n","protected":false},"author":2,"featured_media":0,"parent":0,"menu_order":0,"comment_status":"closed","ping_status":"closed","template":"","meta":{"_acf_changed":false,"footnotes":"","_links_to":"","_links_to_target":""},"class_list":["post-25613","page","type-page","status-publish","hentry"],"acf":[],"yoast_head":"<!-- This site is optimized with the Yoast SEO plugin v25.9 - https:\/\/yoast.com\/wordpress\/plugins\/seo\/ -->\n<title>Nota Legal | Grupo Efeb\u00e9<\/title>\n<meta name=\"robots\" content=\"index, follow, max-snippet:-1, max-image-preview:large, max-video-preview:-1\" \/>\n<link rel=\"canonical\" href=\"https:\/\/www.grupefebe.com\/pt-pt\/avis-legal\/\" \/>\n<meta property=\"og:locale\" content=\"pt_PT\" \/>\n<meta property=\"og:type\" content=\"article\" \/>\n<meta property=\"og:title\" content=\"Nota Legal | Grupo Efeb\u00e9\" \/>\n<meta property=\"og:description\" content=\"Em cumprimento do dever de informa\u00e7\u00e3o constante do artigo 10 da Lei 34\/2002, de 11 de julho, de Servi\u00e7os da [&hellip;]\" \/>\n<meta property=\"og:url\" content=\"https:\/\/www.grupefebe.com\/pt-pt\/avis-legal\/\" \/>\n<meta property=\"og:site_name\" content=\"Grupo Efeb\u00e9\" \/>\n<meta property=\"article:publisher\" content=\"https:\/\/www.facebook.com\/grup.efebe\" \/>\n<meta property=\"article:modified_time\" content=\"2024-11-04T12:33:23+00:00\" \/>\n<meta name=\"twitter:card\" content=\"summary_large_image\" \/>\n<meta name=\"twitter:site\" content=\"@grup_efebe\" \/>\n<meta name=\"twitter:label1\" content=\"Tempo estimado de leitura\" \/>\n\t<meta name=\"twitter:data1\" content=\"11 minutos\" \/>\n<script type=\"application\/ld+json\" class=\"yoast-schema-graph\">{\"@context\":\"https:\/\/schema.org\",\"@graph\":[{\"@type\":\"WebPage\",\"@id\":\"https:\/\/www.grupefebe.com\/pt-pt\/avis-legal\/\",\"url\":\"https:\/\/www.grupefebe.com\/pt-pt\/avis-legal\/\",\"name\":\"Nota Legal | Grupo Efeb\u00e9\",\"isPartOf\":{\"@id\":\"https:\/\/grupefebe.com\/#website\"},\"datePublished\":\"2024-08-12T15:40:02+00:00\",\"dateModified\":\"2024-11-04T12:33:23+00:00\",\"breadcrumb\":{\"@id\":\"https:\/\/www.grupefebe.com\/pt-pt\/avis-legal\/#breadcrumb\"},\"inLanguage\":\"pt-PT\",\"potentialAction\":[{\"@type\":\"ReadAction\",\"target\":[\"https:\/\/www.grupefebe.com\/pt-pt\/avis-legal\/\"]}]},{\"@type\":\"BreadcrumbList\",\"@id\":\"https:\/\/www.grupefebe.com\/pt-pt\/avis-legal\/#breadcrumb\",\"itemListElement\":[{\"@type\":\"ListItem\",\"position\":1,\"name\":\"Inici\",\"item\":\"https:\/\/mail.grupefebe.com\/pt-pt\/\"},{\"@type\":\"ListItem\",\"position\":2,\"name\":\"Nota Legal\"}]},{\"@type\":\"WebSite\",\"@id\":\"https:\/\/grupefebe.com\/#website\",\"url\":\"https:\/\/grupefebe.com\/\",\"name\":\"Grup Efeb\u00e9\",\"description\":\"Otro sitio realizado con WordPress\",\"publisher\":{\"@id\":\"https:\/\/grupefebe.com\/#organization\"},\"potentialAction\":[{\"@type\":\"SearchAction\",\"target\":{\"@type\":\"EntryPoint\",\"urlTemplate\":\"https:\/\/grupefebe.com\/?s={search_term_string}\"},\"query-input\":{\"@type\":\"PropertyValueSpecification\",\"valueRequired\":true,\"valueName\":\"search_term_string\"}}],\"inLanguage\":\"pt-PT\"},{\"@type\":\"Organization\",\"@id\":\"https:\/\/grupefebe.com\/#organization\",\"name\":\"Grup Efeb\u00e9\",\"url\":\"https:\/\/grupefebe.com\/\",\"logo\":{\"@type\":\"ImageObject\",\"inLanguage\":\"pt-PT\",\"@id\":\"https:\/\/grupefebe.com\/#\/schema\/logo\/image\/\",\"url\":\"https:\/\/grupefebe.com\/custom\/uploads\/2021\/01\/logo-efebe.png\",\"contentUrl\":\"https:\/\/grupefebe.com\/custom\/uploads\/2021\/01\/logo-efebe.png\",\"width\":524,\"height\":135,\"caption\":\"Grup Efeb\u00e9\"},\"image\":{\"@id\":\"https:\/\/grupefebe.com\/#\/schema\/logo\/image\/\"},\"sameAs\":[\"https:\/\/www.facebook.com\/grup.efebe\",\"https:\/\/x.com\/grup_efebe\",\"https:\/\/www.instagram.com\/grup_efebe\/\",\"https:\/\/www.linkedin.com\/company\/grupefebe\",\"https:\/\/www.youtube.com\/channel\/UCj11-LAuLhPfqrL2649Xzrw\"]}]}<\/script>\n<!-- \/ Yoast SEO plugin. -->","yoast_head_json":{"title":"Nota Legal | Grupo Efeb\u00e9","robots":{"index":"index","follow":"follow","max-snippet":"max-snippet:-1","max-image-preview":"max-image-preview:large","max-video-preview":"max-video-preview:-1"},"canonical":"https:\/\/www.grupefebe.com\/pt-pt\/avis-legal\/","og_locale":"pt_PT","og_type":"article","og_title":"Nota Legal | Grupo Efeb\u00e9","og_description":"Em cumprimento do dever de informa\u00e7\u00e3o constante do artigo 10 da Lei 34\/2002, de 11 de julho, de Servi\u00e7os da [&hellip;]","og_url":"https:\/\/www.grupefebe.com\/pt-pt\/avis-legal\/","og_site_name":"Grupo Efeb\u00e9","article_publisher":"https:\/\/www.facebook.com\/grup.efebe","article_modified_time":"2024-11-04T12:33:23+00:00","twitter_card":"summary_large_image","twitter_site":"@grup_efebe","twitter_misc":{"Tempo estimado de leitura":"11 minutos"},"schema":{"@context":"https:\/\/schema.org","@graph":[{"@type":"WebPage","@id":"https:\/\/www.grupefebe.com\/pt-pt\/avis-legal\/","url":"https:\/\/www.grupefebe.com\/pt-pt\/avis-legal\/","name":"Nota Legal | Grupo Efeb\u00e9","isPartOf":{"@id":"https:\/\/grupefebe.com\/#website"},"datePublished":"2024-08-12T15:40:02+00:00","dateModified":"2024-11-04T12:33:23+00:00","breadcrumb":{"@id":"https:\/\/www.grupefebe.com\/pt-pt\/avis-legal\/#breadcrumb"},"inLanguage":"pt-PT","potentialAction":[{"@type":"ReadAction","target":["https:\/\/www.grupefebe.com\/pt-pt\/avis-legal\/"]}]},{"@type":"BreadcrumbList","@id":"https:\/\/www.grupefebe.com\/pt-pt\/avis-legal\/#breadcrumb","itemListElement":[{"@type":"ListItem","position":1,"name":"Inici","item":"https:\/\/mail.grupefebe.com\/pt-pt\/"},{"@type":"ListItem","position":2,"name":"Nota Legal"}]},{"@type":"WebSite","@id":"https:\/\/grupefebe.com\/#website","url":"https:\/\/grupefebe.com\/","name":"Grup Efeb\u00e9","description":"Otro sitio realizado con WordPress","publisher":{"@id":"https:\/\/grupefebe.com\/#organization"},"potentialAction":[{"@type":"SearchAction","target":{"@type":"EntryPoint","urlTemplate":"https:\/\/grupefebe.com\/?s={search_term_string}"},"query-input":{"@type":"PropertyValueSpecification","valueRequired":true,"valueName":"search_term_string"}}],"inLanguage":"pt-PT"},{"@type":"Organization","@id":"https:\/\/grupefebe.com\/#organization","name":"Grup Efeb\u00e9","url":"https:\/\/grupefebe.com\/","logo":{"@type":"ImageObject","inLanguage":"pt-PT","@id":"https:\/\/grupefebe.com\/#\/schema\/logo\/image\/","url":"https:\/\/grupefebe.com\/custom\/uploads\/2021\/01\/logo-efebe.png","contentUrl":"https:\/\/grupefebe.com\/custom\/uploads\/2021\/01\/logo-efebe.png","width":524,"height":135,"caption":"Grup Efeb\u00e9"},"image":{"@id":"https:\/\/grupefebe.com\/#\/schema\/logo\/image\/"},"sameAs":["https:\/\/www.facebook.com\/grup.efebe","https:\/\/x.com\/grup_efebe","https:\/\/www.instagram.com\/grup_efebe\/","https:\/\/www.linkedin.com\/company\/grupefebe","https:\/\/www.youtube.com\/channel\/UCj11-LAuLhPfqrL2649Xzrw"]}]}},"_links":{"self":[{"href":"https:\/\/www.grupefebe.com\/pt-pt\/wp-json\/wp\/v2\/pages\/25613","targetHints":{"allow":["GET"]}}],"collection":[{"href":"https:\/\/www.grupefebe.com\/pt-pt\/wp-json\/wp\/v2\/pages"}],"about":[{"href":"https:\/\/www.grupefebe.com\/pt-pt\/wp-json\/wp\/v2\/types\/page"}],"author":[{"embeddable":true,"href":"https:\/\/www.grupefebe.com\/pt-pt\/wp-json\/wp\/v2\/users\/2"}],"replies":[{"embeddable":true,"href":"https:\/\/www.grupefebe.com\/pt-pt\/wp-json\/wp\/v2\/comments?post=25613"}],"version-history":[{"count":3,"href":"https:\/\/www.grupefebe.com\/pt-pt\/wp-json\/wp\/v2\/pages\/25613\/revisions"}],"predecessor-version":[{"id":26425,"href":"https:\/\/www.grupefebe.com\/pt-pt\/wp-json\/wp\/v2\/pages\/25613\/revisions\/26425"}],"wp:attachment":[{"href":"https:\/\/www.grupefebe.com\/pt-pt\/wp-json\/wp\/v2\/media?parent=25613"}],"curies":[{"name":"wp","href":"https:\/\/api.w.org\/{rel}","templated":true}]}}